{"id":635,"date":"2021-11-22T11:10:08","date_gmt":"2021-11-22T10:10:08","guid":{"rendered":"https:\/\/chateaudechimay.be\/nl\/?page_id=635"},"modified":"2026-03-04T12:32:22","modified_gmt":"2026-03-04T11:32:22","slug":"escape-room","status":"publish","type":"page","link":"https:\/\/chateaudechimay.be\/nl\/escape-room\/","title":{"rendered":"Escape Room"},"content":{"rendered":"\t\t<div data-elementor-type=\"wp-page\" data-elementor-id=\"635\" class=\"elementor elementor-635\">\n\t\t\t\t\t\t<section class=\"elementor-section elementor-top-section elementor-element elementor-element-c24ae9b elementor-section-boxed elementor-section-height-default elementor-section-height-default\" data-id=\"c24ae9b\" data-element_type=\"section\">\n\t\t\t\t\t\t<div class=\"elementor-container elementor-column-gap-default\">\n\t\t\t\t\t<div class=\"elementor-column elementor-col-100 elementor-top-column elementor-element elementor-element-047f0d0\" data-id=\"047f0d0\" data-element_type=\"column\">\n\t\t\t<div class=\"elementor-widget-wrap elementor-element-populated\">\n\t\t\t\t\t\t<div class=\"elementor-element elementor-element-8606828 elementor-widget elementor-widget-heading\" data-id=\"8606828\" data-element_type=\"widget\" data-widget_type=\"heading.default\">\n\t\t\t\t<div class=\"elementor-widget-container\">\n\t\t\t<h2 class=\"elementor-heading-title elementor-size-default\">Kom en ontdek de nieuwe Escape Room van het Ch\u00e2teau de Chimay...<\/h2>\t\t<\/div>\n\t\t\t\t<\/div>\n\t\t\t\t<div class=\"elementor-element elementor-element-1e3f0b7 elementor-widget elementor-widget-spacer\" data-id=\"1e3f0b7\" data-element_type=\"widget\" data-widget_type=\"spacer.default\">\n\t\t\t\t<div class=\"elementor-widget-container\">\n\t\t\t\t\t<div class=\"elementor-spacer\">\n\t\t\t<div class=\"elementor-spacer-inner\"><\/div>\n\t\t<\/div>\n\t\t\t\t<\/div>\n\t\t\t\t<\/div>\n\t\t\t\t\t<\/div>\n\t\t<\/div>\n\t\t\t\t\t<\/div>\n\t\t<\/section>\n\t\t\t\t<section class=\"elementor-section elementor-top-section elementor-element elementor-element-530904f elementor-section-boxed elementor-section-height-default elementor-section-height-default\" data-id=\"530904f\" data-element_type=\"section\">\n\t\t\t\t\t\t<div class=\"elementor-container elementor-column-gap-default\">\n\t\t\t\t\t<div class=\"elementor-column elementor-col-100 elementor-top-column elementor-element elementor-element-a82d55a\" data-id=\"a82d55a\" data-element_type=\"column\">\n\t\t\t<div class=\"elementor-widget-wrap elementor-element-populated\">\n\t\t\t\t\t\t<div class=\"elementor-element elementor-element-41a2137 elementor-widget elementor-widget-text-editor\" data-id=\"41a2137\" data-element_type=\"widget\" data-widget_type=\"text-editor.default\">\n\t\t\t\t<div class=\"elementor-widget-container\">\n\t\t\t\t\t\t\t<h3><strong><span style=\"color: #333399\">De Raad van de Erfgenamen van Chimay<\/span><\/strong><\/h3>\t\t\t\t\t\t<\/div>\n\t\t\t\t<\/div>\n\t\t\t\t\t<\/div>\n\t\t<\/div>\n\t\t\t\t\t<\/div>\n\t\t<\/section>\n\t\t\t\t<section class=\"elementor-section elementor-top-section elementor-element elementor-element-c80f89a elementor-section-boxed elementor-section-height-default elementor-section-height-default\" data-id=\"c80f89a\" data-element_type=\"section\">\n\t\t\t\t\t\t<div class=\"elementor-container elementor-column-gap-default\">\n\t\t\t\t\t<div class=\"elementor-column elementor-col-33 elementor-top-column elementor-element elementor-element-1a333aa\" data-id=\"1a333aa\" data-element_type=\"column\">\n\t\t\t<div class=\"elementor-widget-wrap elementor-element-populated\">\n\t\t\t\t\t\t<div class=\"elementor-element elementor-element-0b1f85d elementor-widget elementor-widget-image\" data-id=\"0b1f85d\" data-element_type=\"widget\" data-widget_type=\"image.default\">\n\t\t\t\t<div class=\"elementor-widget-container\">\n\t\t\t\t\t\t\t\t\t\t\t\t\t<img fetchpriority=\"high\" width=\"800\" height=\"600\" src=\"https:\/\/chateaudechimay.be\/nl\/wp-content\/uploads\/sites\/2\/2023\/05\/IMG_1757pt-1024x768.jpg\" class=\"attachment-large size-large wp-image-859\" alt=\"Escape room chimay\" srcset=\"https:\/\/chateaudechimay.be\/nl\/wp-content\/uploads\/sites\/2\/2023\/05\/IMG_1757pt-1024x768.jpg 1024w, https:\/\/chateaudechimay.be\/nl\/wp-content\/uploads\/sites\/2\/2023\/05\/IMG_1757pt-300x225.jpg 300w, https:\/\/chateaudechimay.be\/nl\/wp-content\/uploads\/sites\/2\/2023\/05\/IMG_1757pt-768x576.jpg 768w, https:\/\/chateaudechimay.be\/nl\/wp-content\/uploads\/sites\/2\/2023\/05\/IMG_1757pt.jpg 1200w\" sizes=\"(max-width: 800px) 100vw, 800px\" \/>\t\t\t\t\t\t\t\t\t\t\t\t\t<\/div>\n\t\t\t\t<\/div>\n\t\t\t\t\t<\/div>\n\t\t<\/div>\n\t\t\t\t<div class=\"elementor-column elementor-col-66 elementor-top-column elementor-element elementor-element-5e8f3b1\" data-id=\"5e8f3b1\" data-element_type=\"column\">\n\t\t\t<div class=\"elementor-widget-wrap elementor-element-populated\">\n\t\t\t\t\t\t<div class=\"elementor-element elementor-element-416eba0 elementor-widget elementor-widget-text-editor\" data-id=\"416eba0\" data-element_type=\"widget\" data-widget_type=\"text-editor.default\">\n\t\t\t\t<div class=\"elementor-widget-container\">\n\t\t\t\t\t\t\t<h5><span style=\"text-decoration: underline;color: #000000\">Uw missie :<\/span><\/h5><p><span style=\"color: #000000\">Philippe de Riquet de Caraman, de 22e prins van Chimay, is verdwenen en heeft al enkele dagen niets meer van zich laten horen. De secretaris van de Prins weet dat hij nu beroep moet doen op zijn uitverkorenen. Zij zijn de enigen die in staat zijn om de relikwie\u00ebn van de voorouders van de Prins in \u00e9\u00e9n uur te verzamelen: de Graal en het zwaard\u00a0 waarmee men de Raad van de Erfgenamen van Chimay bijeen kan roepen&#8230;<\/span><\/p><h5><span style=\"text-decoration: underline;color: #000000\">Talen :<\/span><\/h5><p><span style=\"color: #000000\">FR &#8211; EN &#8211; NL<\/span><\/p>\t\t\t\t\t\t<\/div>\n\t\t\t\t<\/div>\n\t\t\t\t\t<\/div>\n\t\t<\/div>\n\t\t\t\t\t<\/div>\n\t\t<\/section>\n\t\t\t\t<section class=\"elementor-section elementor-top-section elementor-element elementor-element-70f90df elementor-section-boxed elementor-section-height-default elementor-section-height-default\" data-id=\"70f90df\" data-element_type=\"section\">\n\t\t\t\t\t\t<div class=\"elementor-container elementor-column-gap-default\">\n\t\t\t\t\t<div class=\"elementor-column elementor-col-100 elementor-top-column elementor-element elementor-element-07f4b23\" data-id=\"07f4b23\" data-element_type=\"column\">\n\t\t\t<div class=\"elementor-widget-wrap elementor-element-populated\">\n\t\t\t\t\t\t<div class=\"elementor-element elementor-element-316acc8 elementor-widget elementor-widget-text-editor\" data-id=\"316acc8\" data-element_type=\"widget\" data-widget_type=\"text-editor.default\">\n\t\t\t\t<div class=\"elementor-widget-container\">\n\t\t\t\t\t\t\t<h3><span style=\"color: #333399\"><strong>Hoe werkt een Escape Game ?<\/strong><\/span><\/h3><p>Het spel verloopt in 3 etappes:\u00a0<\/p>\t\t\t\t\t\t<\/div>\n\t\t\t\t<\/div>\n\t\t\t\t\t<\/div>\n\t\t<\/div>\n\t\t\t\t\t<\/div>\n\t\t<\/section>\n\t\t\t\t<section class=\"elementor-section elementor-top-section elementor-element elementor-element-fce3e8a elementor-section-boxed elementor-section-height-default elementor-section-height-default\" data-id=\"fce3e8a\" data-element_type=\"section\">\n\t\t\t\t\t\t<div class=\"elementor-container elementor-column-gap-default\">\n\t\t\t\t\t<div class=\"elementor-column elementor-col-33 elementor-top-column elementor-element elementor-element-95258df\" data-id=\"95258df\" data-element_type=\"column\">\n\t\t\t<div class=\"elementor-widget-wrap elementor-element-populated\">\n\t\t\t\t\t\t<div class=\"elementor-element elementor-element-9e395e7 elementor-widget elementor-widget-text-editor\" data-id=\"9e395e7\" data-element_type=\"widget\" data-widget_type=\"text-editor.default\">\n\t\t\t\t<div class=\"elementor-widget-container\">\n\t\t\t\t\t\t\t<h3><strong>De briefing<\/strong><\/h3><p>De spelleider (degene die het spel organiseert en leidt) verzamelt de deelnemers en legt de context van het spel uit : de tijdsspanne, de spelomstandigheden en het doel: men moet specifieke voorwerpen\u00a0 vinden in minder dan 60 minuten.\u00a0<\/p>\t\t\t\t\t\t<\/div>\n\t\t\t\t<\/div>\n\t\t\t\t\t<\/div>\n\t\t<\/div>\n\t\t\t\t<div class=\"elementor-column elementor-col-33 elementor-top-column elementor-element elementor-element-570cc47\" data-id=\"570cc47\" data-element_type=\"column\">\n\t\t\t<div class=\"elementor-widget-wrap elementor-element-populated\">\n\t\t\t\t\t\t<div class=\"elementor-element elementor-element-b8a94d5 elementor-widget elementor-widget-text-editor\" data-id=\"b8a94d5\" data-element_type=\"widget\" data-widget_type=\"text-editor.default\">\n\t\t\t\t<div class=\"elementor-widget-container\">\n\t\t\t\t\t\t\t<h3><strong>Het spel<\/strong><\/h3><p>In de speelruimte, moeten de deelnemers samenwerken om de ruimte grondig te onderzoeken, aanwijzingen te vinden, puzzels op te lossen en uitdagingen aangaan waarmee ze stap voor stap vooruitgang kunnen boeken in het spel en de specifieke objecten kunnen vinden voor het einde van de opgelegde tijd.<\/p>\t\t\t\t\t\t<\/div>\n\t\t\t\t<\/div>\n\t\t\t\t\t<\/div>\n\t\t<\/div>\n\t\t\t\t<div class=\"elementor-column elementor-col-33 elementor-top-column elementor-element elementor-element-f5ed0e6\" data-id=\"f5ed0e6\" data-element_type=\"column\">\n\t\t\t<div class=\"elementor-widget-wrap elementor-element-populated\">\n\t\t\t\t\t\t<div class=\"elementor-element elementor-element-4f5da06 elementor-widget elementor-widget-text-editor\" data-id=\"4f5da06\" data-element_type=\"widget\" data-widget_type=\"text-editor.default\">\n\t\t\t\t<div class=\"elementor-widget-container\">\n\t\t\t\t\t\t\t<h3><strong>De viering<\/strong><\/h3><p>Of het doel nu is bereikt of niet, of we voor de afgesproken tijd zijn ontsnapt of de gong klonk toen we het doel bijna bereikten, de Escape Game eindigt altijd met een debriefing tussen spelers onder leiding van de spelleider.\u00a0<\/p>\t\t\t\t\t\t<\/div>\n\t\t\t\t<\/div>\n\t\t\t\t\t<\/div>\n\t\t<\/div>\n\t\t\t\t\t<\/div>\n\t\t<\/section>\n\t\t\t\t<section class=\"elementor-section elementor-top-section elementor-element elementor-element-1d9ddc4 elementor-section-boxed elementor-section-height-default elementor-section-height-default\" data-id=\"1d9ddc4\" data-element_type=\"section\">\n\t\t\t\t\t\t<div class=\"elementor-container elementor-column-gap-default\">\n\t\t\t\t\t<div class=\"elementor-column elementor-col-100 elementor-top-column elementor-element elementor-element-6e64a7d\" data-id=\"6e64a7d\" data-element_type=\"column\">\n\t\t\t<div class=\"elementor-widget-wrap elementor-element-populated\">\n\t\t\t\t\t\t<div class=\"elementor-element elementor-element-79decb4 elementor-widget elementor-widget-spacer\" data-id=\"79decb4\" data-element_type=\"widget\" data-widget_type=\"spacer.default\">\n\t\t\t\t<div class=\"elementor-widget-container\">\n\t\t\t\t\t<div class=\"elementor-spacer\">\n\t\t\t<div class=\"elementor-spacer-inner\"><\/div>\n\t\t<\/div>\n\t\t\t\t<\/div>\n\t\t\t\t<\/div>\n\t\t\t\t\t<\/div>\n\t\t<\/div>\n\t\t\t\t\t<\/div>\n\t\t<\/section>\n\t\t\t\t<section class=\"elementor-section elementor-top-section elementor-element elementor-element-5205533 elementor-section-boxed elementor-section-height-default elementor-section-height-default\" data-id=\"5205533\" data-element_type=\"section\">\n\t\t\t\t\t\t<div class=\"elementor-container elementor-column-gap-default\">\n\t\t\t\t\t<div class=\"elementor-column elementor-col-100 elementor-top-column elementor-element elementor-element-827c1b6\" data-id=\"827c1b6\" data-element_type=\"column\">\n\t\t\t<div class=\"elementor-widget-wrap elementor-element-populated\">\n\t\t\t\t\t\t<div class=\"elementor-element elementor-element-2e8f4e9 elementor-widget elementor-widget-text-editor\" data-id=\"2e8f4e9\" data-element_type=\"widget\" data-widget_type=\"text-editor.default\">\n\t\t\t\t<div class=\"elementor-widget-container\">\n\t\t\t\t\t\t\t<h3><span style=\"color: #333399\">Neem contact op met<\/span><\/h3>\t\t\t\t\t\t<\/div>\n\t\t\t\t<\/div>\n\t\t\t\t\t<\/div>\n\t\t<\/div>\n\t\t\t\t\t<\/div>\n\t\t<\/section>\n\t\t\t\t<section class=\"elementor-section elementor-top-section elementor-element elementor-element-35365fd elementor-section-boxed elementor-section-height-default elementor-section-height-default\" data-id=\"35365fd\" data-element_type=\"section\">\n\t\t\t\t\t\t<div class=\"elementor-container elementor-column-gap-default\">\n\t\t\t\t\t<div class=\"elementor-column elementor-col-50 elementor-top-column elementor-element elementor-element-15af51d\" data-id=\"15af51d\" data-element_type=\"column\">\n\t\t\t<div class=\"elementor-widget-wrap elementor-element-populated\">\n\t\t\t\t\t\t<div class=\"elementor-element elementor-element-94da4b4 elementor-widget elementor-widget-text-editor\" data-id=\"94da4b4\" data-element_type=\"widget\" data-widget_type=\"text-editor.default\">\n\t\t\t\t<div class=\"elementor-widget-container\">\n\t\t\t\t\t\t\t<p><span class=\"text-o-color-1\" style=\"color: #000000\">ADRESS<\/span><\/p><p><span class=\"text-o-color-1\" style=\"color: #000000\">Onthaal van het Kasteel van Chimay<\/span><br \/><span class=\"text-o-color-1\" style=\"color: #000000\">Rue du Ch\u00e2teau 14<\/span><br \/><span class=\"text-o-color-1\" style=\"color: #000000\">6460 Chimay<\/span><\/p>\t\t\t\t\t\t<\/div>\n\t\t\t\t<\/div>\n\t\t\t\t\t<\/div>\n\t\t<\/div>\n\t\t\t\t<div class=\"elementor-column elementor-col-50 elementor-top-column elementor-element elementor-element-682bad5\" data-id=\"682bad5\" data-element_type=\"column\">\n\t\t\t<div class=\"elementor-widget-wrap elementor-element-populated\">\n\t\t\t\t\t\t<div class=\"elementor-element elementor-element-e3165c6 elementor-widget elementor-widget-text-editor\" data-id=\"e3165c6\" data-element_type=\"widget\" data-widget_type=\"text-editor.default\">\n\t\t\t\t<div class=\"elementor-widget-container\">\n\t\t\t\t\t\t\t<p>Meer info : <a href=\"https:\/\/chimayescaperoom.be\/\">https:\/\/chimayescaperoom.be\/<\/a><\/p><p><i class=\"fa fa-phone fa-fw mr-2\"><\/i>\u260e\ufe0f<span style=\"color: #000000\">\u00a0 <span class=\"o_force_ltr\" title=\"\" data-original-title=\"\" aria-describedby=\"tooltip653789\"><span class=\"text-o-color-1\">+32 60 21 45 31<\/span><\/span><\/span><\/p><p><i class=\"fa fa-envelope fa-fw mr-2\"><\/i>\u2709\ufe0f\u00a0 <a title=\"\" href=\"chimayescape@gmail.com\" data-original-title=\"\"><span class=\"text-o-color-1\">chimayescape@gmail.com<\/span><\/a><\/p>\t\t\t\t\t\t<\/div>\n\t\t\t\t<\/div>\n\t\t\t\t\t<\/div>\n\t\t<\/div>\n\t\t\t\t\t<\/div>\n\t\t<\/section>\n\t\t\t\t<\/div>\n\t\t","protected":false},"excerpt":{"rendered":"<p>Kom en ontdek de nieuwe Escape Room van het Ch\u00e2teau de Chimay&#8230; De Raad van de Erfgenamen van Chimay Uw missie : Philippe de Riquet de Caraman, de 22e prins &#8230;<\/p>\n","protected":false},"author":2,"featured_media":0,"parent":0,"menu_order":0,"comment_status":"closed","ping_status":"closed","template":"","meta":{"_mi_skip_tracking":false},"yoast_head":"<!-- This site is optimized with the Yoast SEO Premium plugin v20.2.1 (Yoast SEO v20.2.1) - https:\/\/yoast.com\/wordpress\/plugins\/seo\/ -->\n<title>Escape Room - Het Kasteel van Chimay<\/title>\n<meta name=\"robots\" content=\"index, follow, max-snippet:-1, max-image-preview:large, max-video-preview:-1\" \/>\n<link rel=\"canonical\" href=\"https:\/\/chateaudechimay.be\/nl\/escape-room\/\" \/>\n<meta property=\"og:locale\" content=\"fr_FR\" \/>\n<meta property=\"og:type\" content=\"article\" \/>\n<meta property=\"og:title\" content=\"Escape Room\" \/>\n<meta property=\"og:description\" content=\"Kom en ontdek de nieuwe Escape Room van het Ch\u00e2teau de Chimay&#8230; De Raad van de Erfgenamen van Chimay Uw missie : Philippe de Riquet de Caraman, de 22e prins ...\" \/>\n<meta property=\"og:url\" content=\"https:\/\/chateaudechimay.be\/nl\/escape-room\/\" \/>\n<meta property=\"og:site_name\" content=\"Het Kasteel van Chimay\" \/>\n<meta property=\"article:modified_time\" content=\"2026-03-04T11:32:22+00:00\" \/>\n<meta property=\"og:image\" content=\"https:\/\/chateaudechimay.be\/nl\/wp-content\/uploads\/sites\/2\/2023\/05\/IMG_1757pt-1024x768.jpg\" \/>\n<meta name=\"twitter:card\" content=\"summary_large_image\" \/>\n<meta name=\"twitter:label1\" content=\"Dur\u00e9e de lecture estim\u00e9e\" \/>\n\t<meta name=\"twitter:data1\" content=\"2 minutes\" \/>\n<script type=\"application\/ld+json\" class=\"yoast-schema-graph\">{\"@context\":\"https:\/\/schema.org\",\"@graph\":[{\"@type\":\"WebPage\",\"@id\":\"https:\/\/chateaudechimay.be\/nl\/escape-room\/\",\"url\":\"https:\/\/chateaudechimay.be\/nl\/escape-room\/\",\"name\":\"Escape Room - Het Kasteel van Chimay\",\"isPartOf\":{\"@id\":\"https:\/\/chateaudechimay.be\/nl\/#website\"},\"datePublished\":\"2021-11-22T10:10:08+00:00\",\"dateModified\":\"2026-03-04T11:32:22+00:00\",\"breadcrumb\":{\"@id\":\"https:\/\/chateaudechimay.be\/nl\/escape-room\/#breadcrumb\"},\"inLanguage\":\"fr-FR\",\"potentialAction\":[{\"@type\":\"ReadAction\",\"target\":[\"https:\/\/chateaudechimay.be\/nl\/escape-room\/\"]}]},{\"@type\":\"BreadcrumbList\",\"@id\":\"https:\/\/chateaudechimay.be\/nl\/escape-room\/#breadcrumb\",\"itemListElement\":[{\"@type\":\"ListItem\",\"position\":1,\"name\":\"Accueil\",\"item\":\"https:\/\/chateaudechimay.be\/nl\/\"},{\"@type\":\"ListItem\",\"position\":2,\"name\":\"Escape Room\"}]},{\"@type\":\"WebSite\",\"@id\":\"https:\/\/chateaudechimay.be\/nl\/#website\",\"url\":\"https:\/\/chateaudechimay.be\/nl\/\",\"name\":\"Het Kasteel van Chimay\",\"description\":\"Ontdek geschiedenis van het Kasteel van Chimay\",\"potentialAction\":[{\"@type\":\"SearchAction\",\"target\":{\"@type\":\"EntryPoint\",\"urlTemplate\":\"https:\/\/chateaudechimay.be\/nl\/?s={search_term_string}\"},\"query-input\":\"required name=search_term_string\"}],\"inLanguage\":\"fr-FR\"}]}<\/script>\n<!-- \/ Yoast SEO Premium plugin. -->","yoast_head_json":{"title":"Escape Room - Het Kasteel van Chimay","robots":{"index":"index","follow":"follow","max-snippet":"max-snippet:-1","max-image-preview":"max-image-preview:large","max-video-preview":"max-video-preview:-1"},"canonical":"https:\/\/chateaudechimay.be\/nl\/escape-room\/","og_locale":"fr_FR","og_type":"article","og_title":"Escape Room","og_description":"Kom en ontdek de nieuwe Escape Room van het Ch\u00e2teau de Chimay&#8230; De Raad van de Erfgenamen van Chimay Uw missie : Philippe de Riquet de Caraman, de 22e prins ...","og_url":"https:\/\/chateaudechimay.be\/nl\/escape-room\/","og_site_name":"Het Kasteel van Chimay","article_modified_time":"2026-03-04T11:32:22+00:00","og_image":[{"url":"https:\/\/chateaudechimay.be\/nl\/wp-content\/uploads\/sites\/2\/2023\/05\/IMG_1757pt-1024x768.jpg"}],"twitter_card":"summary_large_image","twitter_misc":{"Dur\u00e9e de lecture estim\u00e9e":"2 minutes"},"schema":{"@context":"https:\/\/schema.org","@graph":[{"@type":"WebPage","@id":"https:\/\/chateaudechimay.be\/nl\/escape-room\/","url":"https:\/\/chateaudechimay.be\/nl\/escape-room\/","name":"Escape Room - Het Kasteel van Chimay","isPartOf":{"@id":"https:\/\/chateaudechimay.be\/nl\/#website"},"datePublished":"2021-11-22T10:10:08+00:00","dateModified":"2026-03-04T11:32:22+00:00","breadcrumb":{"@id":"https:\/\/chateaudechimay.be\/nl\/escape-room\/#breadcrumb"},"inLanguage":"fr-FR","potentialAction":[{"@type":"ReadAction","target":["https:\/\/chateaudechimay.be\/nl\/escape-room\/"]}]},{"@type":"BreadcrumbList","@id":"https:\/\/chateaudechimay.be\/nl\/escape-room\/#breadcrumb","itemListElement":[{"@type":"ListItem","position":1,"name":"Accueil","item":"https:\/\/chateaudechimay.be\/nl\/"},{"@type":"ListItem","position":2,"name":"Escape Room"}]},{"@type":"WebSite","@id":"https:\/\/chateaudechimay.be\/nl\/#website","url":"https:\/\/chateaudechimay.be\/nl\/","name":"Het Kasteel van Chimay","description":"Ontdek geschiedenis van het Kasteel van Chimay","potentialAction":[{"@type":"SearchAction","target":{"@type":"EntryPoint","urlTemplate":"https:\/\/chateaudechimay.be\/nl\/?s={search_term_string}"},"query-input":"required name=search_term_string"}],"inLanguage":"fr-FR"}]}},"_links":{"self":[{"href":"https:\/\/chateaudechimay.be\/nl\/wp-json\/wp\/v2\/pages\/635"}],"collection":[{"href":"https:\/\/chateaudechimay.be\/nl\/wp-json\/wp\/v2\/pages"}],"about":[{"href":"https:\/\/chateaudechimay.be\/nl\/wp-json\/wp\/v2\/types\/page"}],"author":[{"embeddable":true,"href":"https:\/\/chateaudechimay.be\/nl\/wp-json\/wp\/v2\/users\/2"}],"replies":[{"embeddable":true,"href":"https:\/\/chateaudechimay.be\/nl\/wp-json\/wp\/v2\/comments?post=635"}],"version-history":[{"count":45,"href":"https:\/\/chateaudechimay.be\/nl\/wp-json\/wp\/v2\/pages\/635\/revisions"}],"predecessor-version":[{"id":2046,"href":"https:\/\/chateaudechimay.be\/nl\/wp-json\/wp\/v2\/pages\/635\/revisions\/2046"}],"wp:attachment":[{"href":"https:\/\/chateaudechimay.be\/nl\/wp-json\/wp\/v2\/media?parent=635"}],"curies":[{"name":"wp","href":"https:\/\/api.w.org\/{rel}","templated":true}]}}